{"id":9209,"date":"2022-03-10T16:08:26","date_gmt":"2022-03-10T15:08:26","guid":{"rendered":"http:\/\/zdpk.krakow.pl\/zdpk2\/?page_id=9209"},"modified":"2022-05-05T14:59:56","modified_gmt":"2022-05-05T12:59:56","slug":"projekty-wspolfinansowane-ze-srodkow-budzetu-panstwa","status":"publish","type":"page","link":"https:\/\/zdpk.krakow.pl\/zdpk2\/projekty-wspolfinansowane-ze-srodkow-budzetu-panstwa\/","title":{"rendered":"Projekty dofinansowane ze \u015brodk\u00f3w bud\u017cetu pa\u0144stwa"},"content":{"rendered":"\n<div style=\"height:40px\" aria-hidden=\"true\" class=\"wp-block-spacer\"><\/div>\n\n\n\n<div class=\"wp-block-image\"><figure class=\"aligncenter size-full\"><img loading=\"lazy\" decoding=\"async\" width=\"800\" height=\"195\" src=\"http:\/\/zdpk.krakow.pl\/zdpk2\/wp-content\/uploads\/2022\/03\/dofinansowanie_flaga_godlo.jpg\" alt=\"Polska flaga i god\u0142o\" class=\"wp-image-9383\" srcset=\"https:\/\/zdpk.krakow.pl\/zdpk2\/wp-content\/uploads\/2022\/03\/dofinansowanie_flaga_godlo.jpg 800w, https:\/\/zdpk.krakow.pl\/zdpk2\/wp-content\/uploads\/2022\/03\/dofinansowanie_flaga_godlo-300x73.jpg 300w, https:\/\/zdpk.krakow.pl\/zdpk2\/wp-content\/uploads\/2022\/03\/dofinansowanie_flaga_godlo-768x187.jpg 768w\" sizes=\"auto, (max-width: 800px) 100vw, 800px\" \/><\/figure><\/div>\n\n\n\n<div style=\"height:27px\" aria-hidden=\"true\" class=\"wp-block-spacer\"><\/div>\n\n\n\n<p><strong>Projekt:<\/strong><\/p>\n<p><a href=\"http:\/\/zdpk.krakow.pl\/zdpk2\/blog\/2022\/03\/30\/przebudowa-drogi-powiatowej-nr-2293k-w-miejscowosci-batowice\/\" target=\"_blank\" rel=\"noopener\">\u201ePrzebudowa drogi powiatowej nr 2293k od km 0+049,00 do 1+412,00 w miejscowo\u015bci Batowice w Gminie Zielonki\u201d<\/a><\/p>\n\n\n\n<p><strong>Projekt:<\/strong><\/p>\n<p><a href=\"http:\/\/zdpk.krakow.pl\/zdpk2\/blog\/2022\/03\/30\/przebudowa-drogi-powiatowej-nr-2156k-w-miejscowosci-wegrzce-bosutow-dziekanowice-batowice\/\" target=\"_blank\" rel=\"noreferrer noopener\">\u201e\u201ePrzebudowa drogi powiatowej nr 2156k od km 0+000,00 do km 3+443,00 w&nbsp;miejscowo\u015bci W\u0119grzce, Bosut\u00f3w, Dziekanowice, Batowice w Gminie Zielonki\u201d<\/a><\/p>\n\n\n\n<p><strong>Projekt:<\/strong><\/p>\n<p><a href=\"http:\/\/zdpk.krakow.pl\/zdpk2\/blog\/2022\/03\/11\/remont-drogi-powiatowej-nr-1076k-w-miejscowosci-krzeszowice-2\/\" target=\"_blank\" rel=\"noopener\">\u201eRemont drogi powiatowej nr 1076K w km 0+000,00 \u2013 1,000,00; w miejscowo\u015bci Krzeszowice, powiat krakowski\u201d.<\/a><\/p>\n\n\n\n<p><strong>Projekt:<\/strong><\/p>\n<p><a href=\"http:\/\/zdpk.krakow.pl\/zdpk2\/blog\/2022\/03\/11\/remont-drogi-powiatowej-nr-1076k-w-miejscowosci-krzeszowice\/\" target=\"_blank\" rel=\"noopener\">\u201eRemont drogi powiatowej nr 2188K w km 0+000,00 \u2013 0+380,00; w miejscowo\u015bci Krzeszowice, powiat krakowski\u201d.<\/a><\/p>\n\n\n\n<div style=\"height:100px\" aria-hidden=\"true\" class=\"wp-block-spacer\"><\/div>\n","protected":false},"excerpt":{"rendered":"<p>Projekt: \u201ePrzebudowa drogi powiatowej nr 2293k od km 0+049,00 do 1+412,00 w miejscowo\u015bci Batowice w Gminie Zielonki\u201d Projekt: \u201e\u201ePrzebudowa drogi powiatowej nr 2156k od km 0+000,00 do km 3+443,00 w&nbsp;miejscowo\u015bci W\u0119grzce, Bosut\u00f3w, Dziekanowice, Batowice w Gminie Zielonki\u201d Projekt: \u201eRemont drogi powiatowej nr 1076K w km 0+000,00 \u2013 1,000,00; w miejscowo\u015bci Krzeszowice, powiat krakowski\u201d. Projekt: \u201eRemont [&hellip;]<\/p>\n","protected":false},"author":15,"featured_media":0,"parent":0,"menu_order":0,"comment_status":"closed","ping_status":"closed","template":"page-category2.php","meta":{"_editorskit_title_hidden":false,"_editorskit_reading_time":0,"_editorskit_is_block_options_detached":false,"_editorskit_block_options_position":"{}","_exactmetrics_skip_tracking":false,"_exactmetrics_sitenote_active":false,"_exactmetrics_sitenote_note":"","_exactmetrics_sitenote_category":0,"footnotes":""},"class_list":["post-9209","page","type-page","status-publish","hentry"],"_links":{"self":[{"href":"https:\/\/zdpk.krakow.pl\/zdpk2\/wp-json\/wp\/v2\/pages\/9209","targetHints":{"allow":["GET"]}}],"collection":[{"href":"https:\/\/zdpk.krakow.pl\/zdpk2\/wp-json\/wp\/v2\/pages"}],"about":[{"href":"https:\/\/zdpk.krakow.pl\/zdpk2\/wp-json\/wp\/v2\/types\/page"}],"author":[{"embeddable":true,"href":"https:\/\/zdpk.krakow.pl\/zdpk2\/wp-json\/wp\/v2\/users\/15"}],"replies":[{"embeddable":true,"href":"https:\/\/zdpk.krakow.pl\/zdpk2\/wp-json\/wp\/v2\/comments?post=9209"}],"version-history":[{"count":22,"href":"https:\/\/zdpk.krakow.pl\/zdpk2\/wp-json\/wp\/v2\/pages\/9209\/revisions"}],"predecessor-version":[{"id":9540,"href":"https:\/\/zdpk.krakow.pl\/zdpk2\/wp-json\/wp\/v2\/pages\/9209\/revisions\/9540"}],"wp:attachment":[{"href":"https:\/\/zdpk.krakow.pl\/zdpk2\/wp-json\/wp\/v2\/media?parent=9209"}],"curies":[{"name":"wp","href":"https:\/\/api.w.org\/{rel}","templated":true}]}}