{"id":195,"date":"2017-11-27T16:25:56","date_gmt":"2017-11-27T15:25:56","guid":{"rendered":"http:\/\/zdpk.krakow.pl\/zdpk2\/?page_id=195"},"modified":"2026-02-04T09:28:23","modified_gmt":"2026-02-04T08:28:23","slug":"informacja-o-zdpk","status":"publish","type":"page","link":"https:\/\/zdpk.krakow.pl\/zdpk2\/informacja-o-zdpk\/","title":{"rendered":"O ZDPK"},"content":{"rendered":"<h3 style=\"text-align: center;\">Dane do faktury &#8211; Krajowego Systemu e-Faktur<\/h3>\n<ol>\n<li>W sekcji <strong><span style=\"background-color: #ffff00;\">Podmiot 2<\/span><\/strong> Dane nabywcy (jednostki nadrz\u0119dnej):<br \/>\nPowiat Krakowski<br \/>\nAl. S\u0142owackiego 20<br \/>\n30-037 Krak\u00f3w<br \/>\nNIP 6772364194<br \/>\n<strong><span style=\"background-color: #ffff00;\">w polu JST podaje si\u0119 warto\u015b\u0107 \u201e1\u201d<\/span><\/strong>, co oznacza, \u017ce faktura dotyczy jednostki podrz\u0119dnej.<\/p>\n<table style=\"border-collapse: collapse; width: 100%;\">\n<tbody>\n<tr>\n<td style=\"width: 100%;\"><\/td>\n<\/tr>\n<\/tbody>\n<\/table>\n<\/li>\n<li>W sekcji <strong><span style=\"background-color: #ffff00;\">Podmiot 3<\/span><\/strong>\u00a0 Dane odbiorcy (jednostki podrz\u0119dnej):<br \/>\nZarz\u0105d Dr\u00f3g Powiatu Krakowskiego<br \/>\nul. Karola Wojty\u0142y 106<br \/>\n32-086 Batowice<br \/>\nNIP 6772084980<br \/>\n<strong><span style=\"background-color: #ffff00;\">oraz wype\u0142nionym polem Rola \u2013 \u201e8\u201d\u00a0 \u2013 JST odbiorca<\/span><\/strong><\/li>\n<\/ol>\n<table style=\"border-collapse: collapse; width: 100%;\">\n<tbody>\n<tr>\n<td style=\"width: 100%;\"><\/td>\n<\/tr>\n<\/tbody>\n<\/table>\n<hr \/>\n<h3 style=\"text-align: center;\">Dane do faktury (bez KSeF)<\/h3>\n<p><strong>Nabywca:\u00a0\u00a0\u00a0\u00a0\u00a0\u00a0 <\/strong><br \/>\n<strong>\u00a0\u00a0 Powiat Krakowski\u00a0\u00a0\u00a0\u00a0\u00a0\u00a0\u00a0\u00a0\u00a0\u00a0\u00a0\u00a0\u00a0\u00a0\u00a0\u00a0\u00a0\u00a0\u00a0\u00a0\u00a0\u00a0\u00a0\u00a0\u00a0\u00a0\u00a0\u00a0 \u00a0<\/strong><br \/>\n<strong>\u00a0\u00a0 Al. Juliusza S\u0142owackiego 20<\/strong><br \/>\n<strong>\u00a0\u00a0 30-037 Krak\u00f3w\u00a0 \u00a0 \u00a0 \u00a0 \u00a0 \u00a0 \u00a0 \u00a0 \u00a0 \u00a0 \u00a0 \u00a0 \u00a0 \u00a0 \u00a0 \u00a0\u00a0<\/strong><br \/>\n<strong>\u00a0\u00a0 NIP: 6772364194<\/strong><\/p>\n<p><strong>Odbiorca:<\/strong><br \/>\n<strong>\u00a0\u00a0 Zarz\u0105d Dr\u00f3g Powiatu Krakowskiego<\/strong><br \/>\n<strong>\u00a0\u00a0 ul. Karola Wojty\u0142y 106<\/strong><br \/>\n<strong>\u00a0\u00a0 32-086 Batowice<\/strong><\/p>\n<hr \/>\n<h3 style=\"text-align: center;\">Informacje o ZDPK<\/h3>\n<p><strong>Zarz\u0105d Dr\u00f3g Powiatu Krakowskiego,\u00a0<\/strong>jest jednostk\u0105 bud\u017cetow\u0105 <a href=\"http:\/\/powiat.krakow.pl\/\">Powiatu Krakowskiego<\/a>.<br \/>\nPrzedmiotem dzia\u0142ania jest wykonywanie zada\u0144 nale\u017c\u0105cych do Zarz\u0105du Powiatu w\u00a0Krakowie w\u00a0zakresie zarz\u0105dzania drogami powiatowymi, zgodnie z Ustaw\u0105 z\u00a0dnia 21\u00a0marca 1985r. o\u00a0drogach publicznych &#8211; szczeg\u00f3\u0142owy zakres zada\u0144 przedstawiono w\u00a0regulaminie organizacyjnym.<\/p>\n<hr \/>\n<h3 style=\"text-align: center;\">Numery rachunk\u00f3w bankowych<\/h3>\n<table class=\"aligncenter\" style=\"width: 764px;\" border=\"1\" cellspacing=\"3\" cellpadding=\"2\">\n<tbody>\n<tr>\n<td class=\"style30\" style=\"width: 433px;\" valign=\"top\"><strong>Nazwa rachunku\u00a0<\/strong><\/td>\n<td class=\"style29\" style=\"width: 308px;\" valign=\"top\">\n<div align=\"center\"><strong>Nr rachunku w banku:<\/strong><strong><br \/>\nVeloBank S.A<br \/>\n<\/strong><\/div>\n<\/td>\n<\/tr>\n<tr>\n<td class=\"style30\" style=\"width: 433px;\" valign=\"top\"><strong>Rachunek podstawowy<\/strong> &#8211; s\u0142u\u017cy do dokonywania wp\u0142at nale\u017cno\u015bci z tytu\u0142u op\u0142at i kar za zaj\u0119cie pasa drogowgo oraz innych nale\u017cno\u015bci ustalanych przez Zarz\u0105d Dr\u00f3g Powiatu Krakowskiego w\u00a0drodze decyzji.<\/td>\n<td class=\"style30\" style=\"width: 308px;\" align=\"center\" valign=\"top\">73 1560 0013 2568 2818 7598 0001<\/td>\n<\/tr>\n<tr>\n<td class=\"style30\" style=\"width: 433px;\" valign=\"top\"><strong>Rachunek sum depozytowych<\/strong> &#8211; s\u0142u\u017cy do dokonywania wp\u0142at wadi\u00f3w i zabezpieczenia nale\u017cytego wykonania umowy.<\/td>\n<td class=\"style30\" style=\"width: 308px;\" align=\"center\" valign=\"top\">38 1560 0013 2281 8759 8000 0010<\/td>\n<\/tr>\n<\/tbody>\n<\/table>\n<hr \/>\n<h3 style=\"text-align: center;\">Regon ZDPK:\u00a0\u00a0<strong>351579270<\/strong><\/h3>\n<hr \/>\n<h3 style=\"text-align: center;\">Mapa &#8211; Jak dojecha\u0107<\/h3>\n<p><img loading=\"lazy\" decoding=\"async\" class=\"wp-image-230 size-large aligncenter\" src=\"http:\/\/zdpk.krakow.pl\/zdpk2\/wp-content\/uploads\/2017\/11\/zdpk_batowice_mapa-550-1024x699.jpg\" alt=\"\" width=\"1024\" height=\"699\" srcset=\"https:\/\/zdpk.krakow.pl\/zdpk2\/wp-content\/uploads\/2017\/11\/zdpk_batowice_mapa-550-1024x699.jpg 1024w, https:\/\/zdpk.krakow.pl\/zdpk2\/wp-content\/uploads\/2017\/11\/zdpk_batowice_mapa-550-300x205.jpg 300w, https:\/\/zdpk.krakow.pl\/zdpk2\/wp-content\/uploads\/2017\/11\/zdpk_batowice_mapa-550-768x524.jpg 768w, https:\/\/zdpk.krakow.pl\/zdpk2\/wp-content\/uploads\/2017\/11\/zdpk_batowice_mapa-550.jpg 2000w\" sizes=\"auto, (max-width: 1024px) 100vw, 1024px\" \/><\/p>\n<p style=\"text-align: center;\"><a href=\"https:\/\/goo.gl\/maps\/52AtSfhESNL2\" target=\"_blank\" rel=\"noopener\">Lokalizacja na Google Maps<\/a><\/p>\n","protected":false},"excerpt":{"rendered":"<p>Dane do faktury &#8211; Krajowego Systemu e-Faktur W sekcji Podmiot 2 Dane nabywcy (jednostki nadrz\u0119dnej): Powiat Krakowski Al. S\u0142owackiego 20 30-037 Krak\u00f3w NIP 6772364194 w polu JST podaje si\u0119 warto\u015b\u0107 \u201e1\u201d, co oznacza, \u017ce faktura dotyczy jednostki podrz\u0119dnej. W sekcji Podmiot 3\u00a0 Dane odbiorcy (jednostki podrz\u0119dnej): Zarz\u0105d Dr\u00f3g Powiatu Krakowskiego ul. Karola Wojty\u0142y 106 32-086 [&hellip;]<\/p>\n","protected":false},"author":1,"featured_media":0,"parent":0,"menu_order":0,"comment_status":"closed","ping_status":"closed","template":"","meta":{"_editorskit_title_hidden":false,"_editorskit_reading_time":0,"_editorskit_is_block_options_detached":false,"_editorskit_block_options_position":"{}","_exactmetrics_skip_tracking":false,"_exactmetrics_sitenote_active":false,"_exactmetrics_sitenote_note":"","_exactmetrics_sitenote_category":0,"footnotes":""},"class_list":["post-195","page","type-page","status-publish","hentry"],"_links":{"self":[{"href":"https:\/\/zdpk.krakow.pl\/zdpk2\/wp-json\/wp\/v2\/pages\/195","targetHints":{"allow":["GET"]}}],"collection":[{"href":"https:\/\/zdpk.krakow.pl\/zdpk2\/wp-json\/wp\/v2\/pages"}],"about":[{"href":"https:\/\/zdpk.krakow.pl\/zdpk2\/wp-json\/wp\/v2\/types\/page"}],"author":[{"embeddable":true,"href":"https:\/\/zdpk.krakow.pl\/zdpk2\/wp-json\/wp\/v2\/users\/1"}],"replies":[{"embeddable":true,"href":"https:\/\/zdpk.krakow.pl\/zdpk2\/wp-json\/wp\/v2\/comments?post=195"}],"version-history":[{"count":41,"href":"https:\/\/zdpk.krakow.pl\/zdpk2\/wp-json\/wp\/v2\/pages\/195\/revisions"}],"predecessor-version":[{"id":14535,"href":"https:\/\/zdpk.krakow.pl\/zdpk2\/wp-json\/wp\/v2\/pages\/195\/revisions\/14535"}],"wp:attachment":[{"href":"https:\/\/zdpk.krakow.pl\/zdpk2\/wp-json\/wp\/v2\/media?parent=195"}],"curies":[{"name":"wp","href":"https:\/\/api.w.org\/{rel}","templated":true}]}}