{"id":110,"date":"2017-11-06T11:21:44","date_gmt":"2017-11-06T10:21:44","guid":{"rendered":"http:\/\/zdpk.krakow.pl\/zdpk2\/?page_id=110"},"modified":"2025-08-06T09:14:47","modified_gmt":"2025-08-06T07:14:47","slug":"brd","status":"publish","type":"page","link":"https:\/\/zdpk.krakow.pl\/zdpk2\/brd\/","title":{"rendered":"Bezpiecze\u0144stwo Ruchu Drogowego"},"content":{"rendered":"\n<h2 class=\"wp-block-heading\">Zarz\u0105dzanie Ruchem<\/h2>\n\n\n\n<p><a href=\"https:\/\/zdpk.krakow.pl\/zdpk2\/blog\/2025\/06\/24\/zarzadzanie-ruchem\/\">Zarz\u0105dzanie Ruchem<\/a><\/p>\n\n\n\n<hr class=\"wp-block-separator has-alpha-channel-opacity\" \/>\n\n\n\n<div class=\"item-page\">\n<div class=\"item-page\">\u00a0<\/div>\n<div class=\"item-page\">\n<table class=\" aligncenter\" style=\"width: 100%\" cellspacing=\"5\" cellpadding=\"10\">\n<tbody>\n<tr>\n<td style=\"width: 52px;text-align: right;vertical-align: middle\">\u00a0<\/td>\n<td style=\"width: 882px;text-align: center\"><strong>Wnioski BRD s\u0105 sprawdzane pod k\u0105tem spe\u0142niania <a href=\"http:\/\/zdpk.krakow.pl\/zdpk2\/blog\/2018\/06\/15\/kryteria-oceny-wnioskow-brd\/\">kryteri\u00f3w<\/a> programu<br \/><\/strong><strong>oraz mo\u017cliwo\u015bci realizacji.<\/strong><\/td>\n<td style=\"width: 46px;vertical-align: middle\">\u00a0<\/td>\n<\/tr>\n<\/tbody>\n<\/table>\n<p><strong>Propozycje BRD polegaj\u0105ce na budowie chodnik\u00f3w i przebudowie skrzy\u017cowa\u0144, ze wzgl\u0119d\u00f3w finansowych, nie b\u0119d\u0105 brane pod uwag\u0119 przy kwalifikowaniu do wykonania.<br \/>Zadania te zwyczajowo s\u0105 realizowane w ramach tzw. <a href=\"http:\/\/zdpk.krakow.pl\/zdpk2\/blog\/2013\/06\/06\/procedura-inicjatyw-samorzadowych-3\/\">Inicjatyw Samorz\u0105dowych<\/a>,<br \/>czyli we wsp\u00f3\u0142finansowaniu zainteresowanej gminy i\u00a0powiatu.<\/strong><\/p>\n<hr \/><\/div>\n<h3 style=\"text-align: center\"><a href=\"http:\/\/zdpk.krakow.pl\/zdpk2\/wp-content\/uploads\/2023\/07\/Wnioski_do_programu_BRD_na_2023-rok.pdf\" target=\"_blank\" rel=\"noopener\">Wnioski do programu BRD na 2023 rok<\/a><\/h3>\n<h3 style=\"text-align: center\"><a href=\"http:\/\/zdpk.krakow.pl\/zdpk2\/blog\/2022\/01\/19\/brd-2022\/\">BRD 2022<\/a><\/h3>\n<h3 style=\"text-align: center\"><a href=\"http:\/\/zdpk.krakow.pl\/zdpk2\/blog\/2021\/02\/15\/brd-2021\/\">BRD 2021<\/a><\/h3>\n<h3 style=\"text-align: center\"><a href=\"http:\/\/zdpk.krakow.pl\/zdpk2\/blog\/2020\/01\/07\/wzor-wniosku\/\">BRD 2020<\/a><\/h3>\n<h3 style=\"text-align: center\"><a href=\"http:\/\/zdpk.krakow.pl\/zdpk2\/blog\/2018\/06\/15\/kryteria-oceny-wnioskow-brd\/\">Kryteria oceny wniosk\u00f3w BRD<\/a><\/h3>\n<h3 style=\"text-align: center\"><a href=\"http:\/\/zdpk.krakow.pl\/zdpk2\/blog\/2018\/06\/14\/brd-2018\/\" rel=\"noopener\">BRD 2018<\/a><\/h3>\n<\/div>\n\n\n\n<div class=\"item-page\">\n<h3 style=\"text-align: center\"><a href=\"http:\/\/zdpk.krakow.pl\/zdpk2\/blog\/2018\/06\/14\/brd-2017\/\" rel=\"noopener\">BRD 2017<\/a><\/h3>\n<h3 style=\"text-align: center\">\u00a0<\/h3>\n<\/div>\n\n\n\n<p><\/p>\n","protected":false},"excerpt":{"rendered":"<p>Zarz\u0105dzanie Ruchem Zarz\u0105dzanie Ruchem \u00a0 \u00a0 Wnioski BRD s\u0105 sprawdzane pod k\u0105tem spe\u0142niania kryteri\u00f3w programuoraz mo\u017cliwo\u015bci realizacji. \u00a0 Propozycje BRD polegaj\u0105ce na budowie chodnik\u00f3w i przebudowie skrzy\u017cowa\u0144, ze wzgl\u0119d\u00f3w finansowych, nie b\u0119d\u0105 brane pod uwag\u0119 przy kwalifikowaniu do wykonania.Zadania te zwyczajowo s\u0105 realizowane w ramach tzw. Inicjatyw Samorz\u0105dowych,czyli we wsp\u00f3\u0142finansowaniu zainteresowanej gminy i\u00a0powiatu. Wnioski do [&hellip;]<\/p>\n","protected":false},"author":1,"featured_media":0,"parent":0,"menu_order":0,"comment_status":"closed","ping_status":"closed","template":"","meta":{"_editorskit_title_hidden":false,"_editorskit_reading_time":0,"_editorskit_is_block_options_detached":false,"_editorskit_block_options_position":"{}","_exactmetrics_skip_tracking":false,"_exactmetrics_sitenote_active":false,"_exactmetrics_sitenote_note":"","_exactmetrics_sitenote_category":0,"footnotes":""},"class_list":["post-110","page","type-page","status-publish","hentry"],"_links":{"self":[{"href":"https:\/\/zdpk.krakow.pl\/zdpk2\/wp-json\/wp\/v2\/pages\/110","targetHints":{"allow":["GET"]}}],"collection":[{"href":"https:\/\/zdpk.krakow.pl\/zdpk2\/wp-json\/wp\/v2\/pages"}],"about":[{"href":"https:\/\/zdpk.krakow.pl\/zdpk2\/wp-json\/wp\/v2\/types\/page"}],"author":[{"embeddable":true,"href":"https:\/\/zdpk.krakow.pl\/zdpk2\/wp-json\/wp\/v2\/users\/1"}],"replies":[{"embeddable":true,"href":"https:\/\/zdpk.krakow.pl\/zdpk2\/wp-json\/wp\/v2\/comments?post=110"}],"version-history":[{"count":43,"href":"https:\/\/zdpk.krakow.pl\/zdpk2\/wp-json\/wp\/v2\/pages\/110\/revisions"}],"predecessor-version":[{"id":13425,"href":"https:\/\/zdpk.krakow.pl\/zdpk2\/wp-json\/wp\/v2\/pages\/110\/revisions\/13425"}],"wp:attachment":[{"href":"https:\/\/zdpk.krakow.pl\/zdpk2\/wp-json\/wp\/v2\/media?parent=110"}],"curies":[{"name":"wp","href":"https:\/\/api.w.org\/{rel}","templated":true}]}}