{"id":10612,"date":"2023-06-02T14:42:45","date_gmt":"2023-06-02T12:42:45","guid":{"rendered":"http:\/\/zdpk.krakow.pl\/zdpk2\/?page_id=10612"},"modified":"2024-06-24T07:33:02","modified_gmt":"2024-06-24T05:33:02","slug":"rodo-informacje","status":"publish","type":"page","link":"https:\/\/zdpk.krakow.pl\/zdpk2\/rodo-informacje\/","title":{"rendered":"RODO &#8211; informacje"},"content":{"rendered":"\n<h3><strong>Informacje dotycz\u0105ce przetwarzania danych osobowych<br \/>w Zarz\u0105dzie Dr\u00f3g Powiatu Krakowskiego<\/strong><\/h3>\n<ol>\n<li>Dane osobowe przetwarzane w Zarz\u0105dzie Dr\u00f3g Powiatu Krakowskiego s\u0105 przetwarzane zgodnie z\u00a0obowi\u0105zuj\u0105cymi przepisami prawa Unii Europejskiej <br \/>w szczeg\u00f3lno\u015bci z Rozporz\u0105dzeniem Parlamentu Europejskiego i Rady (UE) 2016\/679 z dnia 27 kwietnia 2016 r. w sprawie ochrony os\u00f3b fizycznych w zwi\u0105zku <br \/>z przetwarzaniem danych osobowych i w\u00a0sprawie swobodnego przep\u0142ywu takich danych oraz uchylenia dyrektywy 95\/46\/WE (Rozporz\u0105dzenie og\u00f3lne o ochronie danych, zwane dalej \u201eRODO\u201d) i przepisami krajowymi z zakresu ochrony danych osobowych.<\/li>\n<li>Administratorem jest Zarz\u0105d Dr\u00f3g Powiatu Krakowskiego z siedzib\u0105 w Batowicach, ul. Karola Wojty\u0142y 106, 32-086 Batowice, tel.: 12 622-10-10, adres e-mail: sekretariat<img loading=\"lazy\" decoding=\"async\" class=\"alignnone size-full wp-image-888\" src=\"http:\/\/zdpk.krakow.pl\/zdpk2\/wp-content\/uploads\/2016\/06\/malpa.gif\" alt=\"\" width=\"13\" height=\"10\" \/>zdpk.net.<\/li>\n<li>W przypadku pyta\u0144 dotycz\u0105cych sposobu i zakresu przetwarzania danych osobowych w\u00a0zakresie dzia\u0142ania ZDPK, a tak\u017ce przys\u0142uguj\u0105cych uprawnie\u0144, mo\u017cna si\u0119 <br \/>kontaktowa\u0107 za pomoc\u0105 adresu elektronicznego: iod<img loading=\"lazy\" decoding=\"async\" class=\"alignnone size-full wp-image-888\" src=\"http:\/\/zdpk.krakow.pl\/zdpk2\/wp-content\/uploads\/2016\/06\/malpa.gif\" alt=\"\" width=\"13\" height=\"10\" \/>zdpk.krakow.pl.<\/li>\n<li>Przetwarzanie danych osobowych odbywa si\u0119 w celu realizacji zada\u0144 przez Zarz\u0105d Dr\u00f3g Powiatu Krakowskiego oraz zgodnie z art. 6, art. 9 i art. 10 RODO.<\/li>\n<li>Osoba, kt\u00f3rej dane osobowe s\u0105 przetwarzane:\n<ul style=\"list-style-type: disc\">\n<li>w przypadkach kiedy przetwarzanie danych osobowych odbywa si\u0119 na podstawie zgody na przetwarzanie danych osobowych osoby, kt\u00f3rej dane dotycz\u0105, ma prawo do wycofania w dowolnym momencie zgody na przetwarzanie swoich danych osobowych z\u00a0tym, \u017ce wycofanie zgody nie wp\u0142ywa na zgodno\u015b\u0107 z prawem przetwarzania, kt\u00f3rego dokonano na podstawie zgody przed jej wycofaniem;<\/li>\n<li>ma prawo \u017c\u0105da\u0107 od administratora dost\u0119pu do swoich danych osobowych,<br \/>ich sprostowania, usuni\u0119cia lub ograniczenia przetwarzania;<\/li>\n<li>ma prawo do wniesienia sprzeciwu wobec przetwarzania swoich danych osobowych, a\u00a0tak\u017ce prawo do przenoszenia swoich danych osobowych;<\/li>\n<li>ma prawo wniesienia skargi do organu nadzorczego.<\/li>\n<\/ul>\n<\/li>\n<li>Dane b\u0119d\u0105 przechowywane przez okres niezb\u0119dny do przestrzegania obowi\u0105zuj\u0105cych przepis\u00f3w prawa i regulacji.<\/li>\n<li>Przy przetwarzaniu danych osobowych Administrator nie stosuje zautomatyzowanego podejmowania decyzji i profilowania.<\/li>\n<\/ol>\n\n\n\n<div style=\"height:100px\" aria-hidden=\"true\" class=\"wp-block-spacer\"><\/div>\n\n\n\n<hr class=\"wp-block-separator has-alpha-channel-opacity\" \/>\n\n\n\n<h2 class=\"wp-block-heading\"><strong>RODO &#8211; Klauzula informacyjna monitoring<\/strong><\/h2>\n\n\n\n<p><strong>Zgodnie z art. 13 Rozporz\u0105dzenia Parlamentu Europejskiego i Rady (UE. 2016\/679 z dnia 27 kwietnia 2016 roku w sprawie ochrony os\u00f3b fizycznych w zwi\u0105zku z przetwarzaniem danych osobowych i w sprawie swobodnego przep\u0142ywu takich danych oraz uchylenia dyrektywy 95\/46\/WE) \u2013 dalej RODO Zarz\u0105d Dr\u00f3g Powiatu Krakowskiego informuje:<\/strong><\/p>\n<ol>\n<li>Administratorem Pani\/Pana danych osobowych jest Zarz\u0105d Dr\u00f3g Powiatu Krakowskiego, ul.\u00a0Karola Wojty\u0142y 106, 32-086 Batowice, <br \/>e-mail: sekretariat<img loading=\"lazy\" decoding=\"async\" class=\"alignnone size-full wp-image-888\" src=\"http:\/\/zdpk.krakow.pl\/zdpk2\/wp-content\/uploads\/2016\/06\/malpa.gif\" alt=\"\" width=\"13\" height=\"10\" \/>zdpk.net, tel.:12 622-10-10.<\/li>\n<li>Kontakt z Inspektorem Ochrony Danych: iod<img loading=\"lazy\" decoding=\"async\" class=\"alignnone size-full wp-image-888\" src=\"http:\/\/zdpk.krakow.pl\/zdpk2\/wp-content\/uploads\/2016\/06\/malpa.gif\" alt=\"\" width=\"13\" height=\"10\" \/>zdpk.krakow.pl. lub pisemnie na adres wymieniony w punkcie 1.<\/li>\n<li>Monitoring stosowany jest w celu zapewnienia bezpiecze\u0144stwa pracownik\u00f3w lub ochrony mienia, klient\u00f3w i porz\u0105dku publicznego na terenie siedziby urz\u0119du.<\/li>\n<li>Pani\/Pana dane osobowe przetwarzane b\u0119d\u0105 na podstawie art. 6 ust. 1 lit. c RODO oraz art. 222 ustawy z dnia 26 czerwca 1974 r. Kodeks pracy.<\/li>\n<li>Pani\/Pana dane osobowe w postaci wizerunku b\u0119d\u0105 przechowywane przez okres nieprzekraczaj\u0105cy 90 dni od dnia zarejestrowania Pani\/Pana wizerunku, a po up\u0142ywie tego okresu podlegaj\u0105 zniszczeniu (poprzez nadpisanie). Termin ten mo\u017ce ulec wyd\u0142u\u017ceniu w\u00a0przypadku, gdy nagranie z monitoringu b\u0119dzie stanowi\u0142o dow\u00f3d w post\u0119powaniu prowadzonym na podstawie odr\u0119bnych przepis\u00f3w prawa.<\/li>\n<li>Podanie przez Pani\u0105\/Pana danych osobowych (wizerunku) jest wymogiem ustawowym i\u00a0jest Pani\/Pana zobowi\u0105zana\/y do ich podania.<\/li>\n<li>Odbiorcami Pani\/Pana danych osobowych b\u0119d\u0105 wy\u0142\u0105cznie podmioty uprawnione do uzyskania danych osobowych na podstawie przepis\u00f3w prawa, np. podmioty uprawnione do kontroli Administratora.<\/li>\n<li>Posiada Pani\/Pan prawo \u017c\u0105dania od Administratora dost\u0119pu do danych osobowych, prawo usuni\u0119cia lub ograniczenia przetwarzania.<\/li>\n<li>Ma Pani\/Pan prawo wniesienia skargi do organu nadzorczego &#8211; Prezesa Urz\u0119du Ochrony Danych Osobowych na dzia\u0142ania urz\u0119du w zakresie ochrony danych osobowych.<\/li>\n<\/ol>\n\n\n\n<div style=\"height:100px\" aria-hidden=\"true\" class=\"wp-block-spacer\"><\/div>\n\n\n\n<hr class=\"wp-block-separator has-alpha-channel-opacity\" \/>\n\n\n\n<h2 class=\"wp-block-heading\"><strong>RODO &#8211; Klauzula informacyjna system nagrywania rozm\u00f3w telefonicznych w Zarz\u0105dzie Dr\u00f3g Powiatu Krakowskiego w&nbsp;budynku przy ul. Karola Wojty\u0142y 106<\/strong><\/h2>\n\n\n\n<ol>\n<li><strong>Dane Administratora Danych:<\/strong><br \/>Zarz\u0105d Dr\u00f3g Powiatu Krakowskiego, Karola Wojty\u0142y 106, 32-086 Batowice,<br \/>e-mail: sekretariat<img loading=\"lazy\" decoding=\"async\" class=\"alignnone size-full wp-image-888\" src=\"http:\/\/zdpk.krakow.pl\/zdpk2\/wp-content\/uploads\/2016\/06\/malpa.gif\" alt=\"\" width=\"13\" height=\"10\" \/>zdpk.net, tel.:12 622-10-10.<\/li>\n<li><strong>Dane kontaktowe Inspektora Ochrony Danych:<\/strong><br \/>Z Inspektorem Ochrony Danych mo\u017cna si\u0119 kontaktowa\u0107:\n<ol>\n<li>Poczt\u0105 elektroniczn\u0105 poprzez e-mail: iod@zdpk.krakow.pl.<\/li>\n<li>Poczt\u0105 tradycyjn\u0105 na adres: ul. Karola Wojty\u0142y 106, 32-086 Batowice<\/li>\n<li>Adres skrzynki ePUAP Zarz\u0105du Dr\u00f3g Powiatu Krakowskiego: \/ZDPK\/SkrytkaESP<\/li>\n<\/ol>\n<\/li>\n<li><strong>Cele i podstawa prawna przetwarzania danych osobowych:<\/strong>\n<ol>\n<li>w celu zapewnienia bezpiecze\u0144stwa publicznego oraz bezpiecze\u0144stwa pracownik\u00f3w Urz\u0119du<\/li>\n<li>na podstawie art. 6 ust. 1 lit a) RODO, tj. osoba, kt\u00f3rej dane dotycz\u0105 wyrazi\u0142a zgod\u0119 na przetwarzanie swoich danych osobowych w jednym lub wi\u0119kszej liczbie okre\u015blonych cel\u00f3w<\/li>\n<\/ol>\n<\/li>\n<li><strong>Odbiorcy danych osobowych:<\/strong>\n<ol>\n<li>Pani\/Pana dane osobowe nie b\u0119d\u0105 przekazywane innym podmiotom, za wyj\u0105tkiem:<\/li>\n<li>podmiot\u00f3w uprawnionych przepisami prawa, podmiot\u00f3w \u015bwiadcz\u0105cych wsparcie techniczne dla system\u00f3w informatycznych i teleinformatycznych, w kt\u00f3rych Pani\/Pana dane osobowe s\u0105 przetwarzane,<br \/>Pani\/Pana dane osobowe nie b\u0119d\u0105 przekazywane do pa\u0144stwa trzeciego.<\/li>\n<\/ol>\n<\/li>\n<li><strong>Okres przechowywania danych osobowych:<\/strong><br \/>Dane zarejestrowane w systemie s\u0105 przechowywane przez okres 90 dni, o\u00a0ile przepisy odr\u0119bne nie stanowi\u0105 inaczej.<\/li>\n<li><strong>Prawa os\u00f3b, kt\u00f3rych dane dotycz\u0105, w tym dost\u0119pu do danych osobowych:<br \/><\/strong>Ka\u017cda osoba, kt\u00f3rej dane dotycz\u0105 mo\u017ce korzysta\u0107 z nast\u0119puj\u0105cych uprawnie\u0144:\n<ol>\n<li>wyst\u0105pienia z \u017c\u0105daniem dost\u0119pu do swoich danych osobowych, a w przypadkach uregulowanych przepisami prawa do usuni\u0119cia lub ograniczenia ich przetwarzania.<\/li>\n<\/ol>\n<\/li>\n<li><strong>Prawo do cofni\u0119cia zgody:<\/strong>\n<ol>\n<li>W przypadkach, kiedy do przetwarzania danych osobowych konieczne jest wyra\u017cenie zgody, maj\u0105 Pa\u0144stwo prawo nie wyrazi\u0107 zgody.<\/li>\n<li>Wycofanie zgody nie ma wp\u0142ywu na przetwarzanie Pa\u0144stwa danych osobowych do momentu jej wycofania.<\/li>\n<\/ol>\n<\/li>\n<li><strong>Sposoby realizacji przys\u0142uguj\u0105cych praw:<\/strong><br \/>Powy\u017csze uprawnienia mog\u0105 Pa\u0144stwo realizowa\u0107:\n<ol>\n<li>sk\u0142adaj\u0105c w formie tradycyjnej odr\u0119cznie podpisane pismo w Zarz\u0105dzie Dr\u00f3g Powiatu Krakowskiego,<\/li>\n<li>drog\u0105 elektroniczn\u0105 wysy\u0142aj\u0105c pismo og\u00f3lne na platformie ePUAP, potwierdzone Profilem Zaufanym lub kwalifikowanym podpisem elektronicznym.<\/li>\n<\/ol>\n<\/li>\n<li><strong>Prawo wniesienia skargi do organu nadzorczego:<\/strong><br \/>Je\u015bli przetwarzanie Pa\u0144stwa danych osobowych narusza przepisy o ochronie danych osobowych, przys\u0142uguje Pa\u0144stwu prawo do wniesienia skargi do organu nadzorczego, kt\u00f3rym jest Prezes Urz\u0119du Ochrony Danych Osobowych.<\/li>\n<li><strong>Informacja o wymogu \/ dobrowolno\u015bci podania danych oraz konsekwencjach niepodania danych osobowych:<br \/><\/strong>Zgoda na nagrywanie jest dobrowolna, ale niezb\u0119dna do za\u0142atwienia sprawy drog\u0105 telefoniczn\u0105. W przypadku braku zgody, prosimy o kontakt osobisty, pisemny lub elektroniczny.<\/li>\n<li><strong>Zautomatyzowane podejmowanie decyzji, profilowanie:<\/strong><br \/>W Urz\u0119dzie nie ma miejsca zautomatyzowane podejmowanie decyzji ani profilowanie.<\/li>\n<\/ol>\n","protected":false},"excerpt":{"rendered":"<p>Informacje dotycz\u0105ce przetwarzania danych osobowychw Zarz\u0105dzie Dr\u00f3g Powiatu Krakowskiego Dane osobowe przetwarzane w Zarz\u0105dzie Dr\u00f3g Powiatu Krakowskiego s\u0105 przetwarzane zgodnie z\u00a0obowi\u0105zuj\u0105cymi przepisami prawa Unii Europejskiej w szczeg\u00f3lno\u015bci z Rozporz\u0105dzeniem Parlamentu Europejskiego i Rady (UE) 2016\/679 z dnia 27 kwietnia 2016 r. w sprawie ochrony os\u00f3b fizycznych w zwi\u0105zku z przetwarzaniem danych osobowych i w\u00a0sprawie swobodnego [&hellip;]<\/p>\n","protected":false},"author":15,"featured_media":0,"parent":0,"menu_order":0,"comment_status":"closed","ping_status":"closed","template":"","meta":{"_editorskit_title_hidden":false,"_editorskit_reading_time":0,"_editorskit_is_block_options_detached":false,"_editorskit_block_options_position":"{}","_exactmetrics_skip_tracking":false,"_exactmetrics_sitenote_active":false,"_exactmetrics_sitenote_note":"","_exactmetrics_sitenote_category":0,"footnotes":""},"class_list":["post-10612","page","type-page","status-publish","hentry"],"_links":{"self":[{"href":"https:\/\/zdpk.krakow.pl\/zdpk2\/wp-json\/wp\/v2\/pages\/10612","targetHints":{"allow":["GET"]}}],"collection":[{"href":"https:\/\/zdpk.krakow.pl\/zdpk2\/wp-json\/wp\/v2\/pages"}],"about":[{"href":"https:\/\/zdpk.krakow.pl\/zdpk2\/wp-json\/wp\/v2\/types\/page"}],"author":[{"embeddable":true,"href":"https:\/\/zdpk.krakow.pl\/zdpk2\/wp-json\/wp\/v2\/users\/15"}],"replies":[{"embeddable":true,"href":"https:\/\/zdpk.krakow.pl\/zdpk2\/wp-json\/wp\/v2\/comments?post=10612"}],"version-history":[{"count":13,"href":"https:\/\/zdpk.krakow.pl\/zdpk2\/wp-json\/wp\/v2\/pages\/10612\/revisions"}],"predecessor-version":[{"id":11937,"href":"https:\/\/zdpk.krakow.pl\/zdpk2\/wp-json\/wp\/v2\/pages\/10612\/revisions\/11937"}],"wp:attachment":[{"href":"https:\/\/zdpk.krakow.pl\/zdpk2\/wp-json\/wp\/v2\/media?parent=10612"}],"curies":[{"name":"wp","href":"https:\/\/api.w.org\/{rel}","templated":true}]}}